{"id":575,"date":"2026-01-07T15:35:56","date_gmt":"2026-01-07T15:35:56","guid":{"rendered":"https:\/\/www.brauronmuzyka.pl\/?page_id=575"},"modified":"2026-01-07T16:12:11","modified_gmt":"2026-01-07T16:12:11","slug":"wiecej-o-nas","status":"publish","type":"page","link":"https:\/\/www.brauronmuzyka.pl\/?page_id=575","title":{"rendered":"Wi\u0119cej o nas"},"content":{"rendered":"\t\t<div data-elementor-type=\"wp-page\" data-elementor-id=\"575\" class=\"elementor elementor-575\">\n\t\t\t\t\t\t<section class=\"elementor-section elementor-top-section elementor-element elementor-element-1dcb435 elementor-section-height-min-height elementor-section-boxed elementor-section-height-default elementor-section-items-middle\" data-id=\"1dcb435\" data-element_type=\"section\">\n\t\t\t\t\t\t<div class=\"elementor-container elementor-column-gap-default\">\n\t\t\t\t\t<div class=\"elementor-column elementor-col-33 elementor-top-column elementor-element elementor-element-56f7f8e\" data-id=\"56f7f8e\" data-element_type=\"column\">\n\t\t\t<div class=\"elementor-widget-wrap elementor-element-populated\">\n\t\t\t\t\t\t<div class=\"elementor-element elementor-element-ce77b71 elementor-widget elementor-widget-text-editor\" data-id=\"ce77b71\" data-element_type=\"widget\" data-widget_type=\"text-editor.default\">\n\t\t\t\t<div class=\"elementor-widget-container\">\n\t\t\t\t\t\t\t\t\t<h3 data-path-to-node=\"5\">Si\u0142a blisko\u015bci: Od 300 do 3000 widz\u00f3w<\/h3><p data-path-to-node=\"5\">\u015awiadomie rezygnujemy z ch\u0142odnych, betonowych stadion\u00f3w i bezosobowych hal widowiskowych. Nasz\u0105 specjalizacj\u0105 s\u0105 obiekty o pojemno\u015bci od <b data-path-to-node=\"5\" data-index-in-node=\"137\">300 do 3000 miejsc<\/b>. Wierzymy bowiem w si\u0142\u0119, kt\u00f3ra drzemie wy\u0142\u0105cznie w miejscach stworzonych celowo pod k\u0105tem sztuki \u2013 w teatrach, dedykowanych salach koncertowych i rzetelnych klubach muzycznych.<\/p><p data-path-to-node=\"6\">To tam rodzi si\u0119 prawdziwa magia. W intymnej atmosferze teatru dystans mi\u0119dzy widzem a scen\u0105 zaciera si\u0119. Jeste\u015b blisko artysty, a on jest blisko Ciebie. Mo\u017cecie spotka\u0107 si\u0119 wzrokiem, poczu\u0107 wsp\u00f3ln\u0105 energi\u0119 i razem wsp\u00f3\u0142tworzy\u0107 to niepowtarzalne wydarzenie. To nie jest tylko wyst\u0119p \u2013 to rzetelne, g\u0142\u0119bokie do\u015bwiadczenie, kt\u00f3rego nie da si\u0119 odtworzy\u0107 na wielkim ekranie stadionu.<\/p><h3 data-path-to-node=\"7\">\u00a0<\/h3>\t\t\t\t\t\t\t\t<\/div>\n\t\t\t\t<\/div>\n\t\t\t\t\t<\/div>\n\t\t<\/div>\n\t\t\t\t<div class=\"elementor-column elementor-col-66 elementor-top-column elementor-element elementor-element-8380aaf\" data-id=\"8380aaf\" data-element_type=\"column\">\n\t\t\t<div class=\"elementor-widget-wrap elementor-element-populated\">\n\t\t\t\t\t\t<div class=\"elementor-element elementor-element-8cd183e elementor-widget elementor-widget-image\" data-id=\"8cd183e\" data-element_type=\"widget\" data-widget_type=\"image.default\">\n\t\t\t\t<div class=\"elementor-widget-container\">\n\t\t\t\t\t\t\t\t\t\t\t\t\t\t\t<img fetchpriority=\"high\" decoding=\"async\" width=\"677\" height=\"1024\" src=\"https:\/\/www.brauronmuzyka.pl\/wp-content\/uploads\/2026\/01\/polczlowiek-polwiolonczela-677x1024.jpeg\" class=\"attachment-large size-large wp-image-579\" alt=\"\" srcset=\"https:\/\/www.brauronmuzyka.pl\/wp-content\/uploads\/2026\/01\/polczlowiek-polwiolonczela-677x1024.jpeg 677w, https:\/\/www.brauronmuzyka.pl\/wp-content\/uploads\/2026\/01\/polczlowiek-polwiolonczela-198x300.jpeg 198w, https:\/\/www.brauronmuzyka.pl\/wp-content\/uploads\/2026\/01\/polczlowiek-polwiolonczela-768x1161.jpeg 768w, https:\/\/www.brauronmuzyka.pl\/wp-content\/uploads\/2026\/01\/polczlowiek-polwiolonczela-1016x1536.jpeg 1016w, https:\/\/www.brauronmuzyka.pl\/wp-content\/uploads\/2026\/01\/polczlowiek-polwiolonczela-77x116.jpeg 77w, https:\/\/www.brauronmuzyka.pl\/wp-content\/uploads\/2026\/01\/polczlowiek-polwiolonczela.jpeg 1121w\" sizes=\"(max-width: 677px) 100vw, 677px\" \/>\t\t\t\t\t\t\t\t\t\t\t\t\t\t\t<\/div>\n\t\t\t\t<\/div>\n\t\t\t\t\t<\/div>\n\t\t<\/div>\n\t\t\t\t\t<\/div>\n\t\t<\/section>\n\t\t\t\t<section class=\"elementor-section elementor-top-section elementor-element elementor-element-63c24a5 elementor-section-boxed elementor-section-height-default elementor-section-height-default\" data-id=\"63c24a5\" data-element_type=\"section\">\n\t\t\t\t\t\t<div class=\"elementor-container elementor-column-gap-default\">\n\t\t\t\t\t<div class=\"elementor-column elementor-col-50 elementor-top-column elementor-element elementor-element-336e553\" data-id=\"336e553\" data-element_type=\"column\">\n\t\t\t<div class=\"elementor-widget-wrap elementor-element-populated\">\n\t\t\t\t\t\t<div class=\"elementor-element elementor-element-c6e0d16 elementor-widget elementor-widget-text-editor\" data-id=\"c6e0d16\" data-element_type=\"widget\" data-widget_type=\"text-editor.default\">\n\t\t\t\t<div class=\"elementor-widget-container\">\n\t\t\t\t\t\t\t\t\t<h3 style=\"font-family: Roboto, sans-serif;\" data-path-to-node=\"7\">Kontra \u201eMcDonaldyzacji\u201d sztuki<\/h3><p data-path-to-node=\"8\">W dzisiejszym \u015bwiecie, zdominowanym przez p\u0119d do masowo\u015bci, przyt\u0142aczaj\u0105c\u0105 ilo\u015b\u0107 festiwali i kr\u00f3tkie, powierzchowne bod\u017ace \u2013 to, co nazywamy \u201emcdonaldyzacj\u0105\u201d sztuki \u2013 my wybieramy inn\u0105 drog\u0119. Uwa\u017camy, \u017ce nasz\u0105 misj\u0105 i obowi\u0105zkiem jest w\u0142o\u017cenie pracy w budowanie\u00a0<span style=\"font-weight: bold;\" data-path-to-node=\"8\" data-index-in-node=\"262\">sceny \u015bredniego szczebla<\/span>.<\/p><p data-path-to-node=\"9\">Promowanie koncert\u00f3w w klubach i teatrach to dla nas wyb\u00f3r \u015bwiadomy i wielowymiarowy:<\/p><ul data-path-to-node=\"10\"><li><p data-path-to-node=\"10,0,0\"><span style=\"font-weight: bold;\" data-path-to-node=\"10,0,0\" data-index-in-node=\"0\">Ekologiczny:<\/span>\u00a0Mniejsza skala to mniejszy \u015blad w\u0119glowy i szacunek dla lokalnej infrastruktury.<\/p><\/li><li><p data-path-to-node=\"10,1,0\"><span style=\"font-weight: bold;\" data-path-to-node=\"10,1,0\" data-index-in-node=\"0\">Rzetelny:<\/span>\u00a0Skupiamy si\u0119 na jako\u015bci d\u017awi\u0119ku i komforcie odbioru, a nie na masowej przepustowo\u015bci.<\/p><\/li><li><p data-path-to-node=\"10,2,0\"><span style=\"font-weight: bold;\" data-path-to-node=\"10,2,0\" data-index-in-node=\"0\">Niepowtarzalny:<\/span>\u00a0Tylko kameralna przestrze\u0144 daje poczucie wyj\u0105tkowo\u015bci \u2013 \u015bwiadomo\u015b\u0107, \u017ce uczestniczysz w czym\u015b, co zdarza si\u0119 tylko tu i teraz.<\/p><\/li><\/ul><p data-path-to-node=\"11\">Wierzymy, \u017ce w sztuce najwa\u017cniejsza jest prawda. Zapraszamy Ci\u0119 do \u015bwiata, w kt\u00f3rym tre\u015b\u0107 wci\u0105\u017c znaczy wi\u0119cej ni\u017c rozmiar sceny.<\/p>\t\t\t\t\t\t\t\t<\/div>\n\t\t\t\t<\/div>\n\t\t\t\t\t<\/div>\n\t\t<\/div>\n\t\t\t\t<div class=\"elementor-column elementor-col-50 elementor-top-column elementor-element elementor-element-7067473\" data-id=\"7067473\" data-element_type=\"column\">\n\t\t\t<div class=\"elementor-widget-wrap elementor-element-populated\">\n\t\t\t\t\t\t<div class=\"elementor-element elementor-element-8294b93 elementor-widget elementor-widget-text-editor\" data-id=\"8294b93\" data-element_type=\"widget\" data-widget_type=\"text-editor.default\">\n\t\t\t\t<div class=\"elementor-widget-container\">\n\t\t\t\t\t\t\t\t\t<h3 data-path-to-node=\"3\">Nasze Portfolio: Zaufali nam najlepsi<\/h3><p data-path-to-node=\"4\">Sukces wydarzenia mierzy si\u0119 satysfakcj\u0105 artysty i energi\u0105 publiczno\u015bci. Przez 15 lat dzia\u0142alno\u015bci pod szyldami <b data-path-to-node=\"4\" data-index-in-node=\"112\">BrauronMuzyka.pl<\/b>, <b data-path-to-node=\"4\" data-index-in-node=\"130\">polskiekoncerty.eu<\/b>, <b data-path-to-node=\"4\" data-index-in-node=\"150\">enjoyuk.pl<\/b> oraz <b data-path-to-node=\"4\" data-index-in-node=\"166\">Zenith Media LTD<\/b> i <b data-path-to-node=\"4\" data-index-in-node=\"185\">Zenith Music LTD<\/b>, zrealizowali\u015bmy setki wydarze\u0144, dbaj\u0105c o ka\u017cdy detal wsp\u00f3\u0142pracy z najbardziej wymagaj\u0105cymi tw\u00f3rcami.<\/p><p data-path-to-node=\"5\">Mieli\u015bmy zaszczyt organizowa\u0107 koncerty i wyst\u0119py dla takich osobowo\u015bci jak:<\/p><p data-path-to-node=\"6\"><b data-path-to-node=\"6\" data-index-in-node=\"0\">SCENA MUZYCZNA:<\/b><\/p><ul data-path-to-node=\"7\"><li><p data-path-to-node=\"7,0,0\"><b data-path-to-node=\"7,0,0\" data-index-in-node=\"0\">Salvador Sobral<\/b><\/p><\/li><li><p data-path-to-node=\"7,1,0\"><b data-path-to-node=\"7,1,0\" data-index-in-node=\"0\">Agnieszka Chyli\u0144ska<\/b><\/p><\/li><li><p data-path-to-node=\"7,2,0\"><b data-path-to-node=\"7,2,0\" data-index-in-node=\"0\">T.Love<\/b><\/p><\/li><li><p data-path-to-node=\"7,3,0\"><b data-path-to-node=\"7,3,0\" data-index-in-node=\"0\">Lady Pank<\/b><\/p><\/li><li><p data-path-to-node=\"7,4,0\"><b data-path-to-node=\"7,4,0\" data-index-in-node=\"0\">Kasia Kowalska<\/b><\/p><\/li><li><p data-path-to-node=\"7,5,0\"><b data-path-to-node=\"7,5,0\" data-index-in-node=\"0\">Nosowska<\/b><\/p><\/li><li><p data-path-to-node=\"7,6,0\"><b data-path-to-node=\"7,6,0\" data-index-in-node=\"0\">Kwiat Jab\u0142oni<\/b><\/p><\/li><\/ul><p data-path-to-node=\"8\"><b data-path-to-node=\"8\" data-index-in-node=\"0\">SCENA KABARETOWA I STAND-UP:<\/b><\/p><ul data-path-to-node=\"9\"><li><p data-path-to-node=\"9,0,0\"><b data-path-to-node=\"9,0,0\" data-index-in-node=\"0\">Abelard Giza<\/b><\/p><\/li><li><p data-path-to-node=\"9,1,0\"><b data-path-to-node=\"9,1,0\" data-index-in-node=\"0\">Marcin Daniec<\/b><\/p><\/li><li><p data-path-to-node=\"9,2,0\"><b data-path-to-node=\"9,2,0\" data-index-in-node=\"0\">Jerzy Kryszak<\/b><\/p><\/li><li><p data-path-to-node=\"9,3,0\"><b data-path-to-node=\"9,3,0\" data-index-in-node=\"0\">Kabaret M\u0142odych Pan\u00f3w<\/b><\/p><\/li><li><p data-path-to-node=\"9,4,0\"><b data-path-to-node=\"9,4,0\" data-index-in-node=\"0\">Kabaret Moralnego Niepokoju<\/b><\/p><\/li><\/ul><p data-path-to-node=\"10\">&#8230;oraz wielu innych wybitnych artyst\u00f3w, z kt\u00f3rymi budowali\u015bmy niezapomniane widowiska w teatrach i salach koncertowych ca\u0142ej Europy.<\/p>\t\t\t\t\t\t\t\t<\/div>\n\t\t\t\t<\/div>\n\t\t\t\t\t<\/div>\n\t\t<\/div>\n\t\t\t\t\t<\/div>\n\t\t<\/section>\n\t\t\t\t<\/div>\n\t\t","protected":false},"excerpt":{"rendered":"<p>Si\u0142a blisko\u015bci: Od 300 do 3000 widz\u00f3w \u015awiadomie rezygnujemy z ch\u0142odnych, betonowych stadion\u00f3w i bezosobowych hal widowiskowych. Nasz\u0105 specjalizacj\u0105 s\u0105 &hellip; <a href=\"https:\/\/www.brauronmuzyka.pl\/?page_id=575\" class=\"more-link\">Continue reading <span class=\"screen-reader-text\">Wi\u0119cej o nas<\/span><\/a><\/p>\n","protected":false},"author":1,"featured_media":0,"parent":0,"menu_order":0,"comment_status":"closed","ping_status":"closed","template":"page-templates\/no-sidebar.php","meta":{"footnotes":""},"class_list":["post-575","page","type-page","status-publish","hentry"],"_links":{"self":[{"href":"https:\/\/www.brauronmuzyka.pl\/index.php?rest_route=\/wp\/v2\/pages\/575","targetHints":{"allow":["GET"]}}],"collection":[{"href":"https:\/\/www.brauronmuzyka.pl\/index.php?rest_route=\/wp\/v2\/pages"}],"about":[{"href":"https:\/\/www.brauronmuzyka.pl\/index.php?rest_route=\/wp\/v2\/types\/page"}],"author":[{"embeddable":true,"href":"https:\/\/www.brauronmuzyka.pl\/index.php?rest_route=\/wp\/v2\/users\/1"}],"replies":[{"embeddable":true,"href":"https:\/\/www.brauronmuzyka.pl\/index.php?rest_route=%2Fwp%2Fv2%2Fcomments&post=575"}],"version-history":[{"count":9,"href":"https:\/\/www.brauronmuzyka.pl\/index.php?rest_route=\/wp\/v2\/pages\/575\/revisions"}],"predecessor-version":[{"id":586,"href":"https:\/\/www.brauronmuzyka.pl\/index.php?rest_route=\/wp\/v2\/pages\/575\/revisions\/586"}],"wp:attachment":[{"href":"https:\/\/www.brauronmuzyka.pl\/index.php?rest_route=%2Fwp%2Fv2%2Fmedia&parent=575"}],"curies":[{"name":"wp","href":"https:\/\/api.w.org\/{rel}","templated":true}]}}